{"id":612,"date":"2022-11-30T11:10:08","date_gmt":"2022-11-30T09:10:08","guid":{"rendered":"https:\/\/www.butenas-hotel.lt\/?page_id=612"},"modified":"2023-05-02T10:14:43","modified_gmt":"2023-05-02T08:14:43","slug":"bar","status":"publish","type":"page","link":"https:\/\/www.butenas-hotel.lt\/en\/bar\/","title":{"rendered":"Bar"},"content":{"rendered":"<p><img decoding=\"async\" src=\"\/wp-content\/uploads\/BUTENAS-hotel-logo-white-en.svg\" alt=\"BUTENAS hotel-restaurant-bar\"><br \/>\n<img decoding=\"async\" src=\"\/wp-content\/uploads\/BUTENAS-hotel-logo-white-en.svg\" alt=\"BUTENAS hotel-restaurant-bar\"><\/p>\n<div>\n<h1>&#8220;EGIDIJUS BAR&#8221; IN BIR\u017dAI<\/h1>\n<div>\n<p>Everyone is welcome here \u2013 both hotel guests and other visitors.<\/p>\n<p>Egidijus Bar is a perfect place to spend your time and entertain yourself. Whether with a glass of whiskey or a tasty cocktail, you will certainly have fun watching live sport events, listening to live music, or playing games such as darts and pool.<\/p>\n<\/div>\n<\/div>\n<h2>Why actually \u201cEGIDIJUS BAR\u201d?<\/h2>\n<div>\n<p>It started in 2012, when Egidijus But\u0117nas decided to convert the empty basement of the hotel into a bar. Firstly, it was used only for private purposes. In 2022, the bar, as well as the premises of the hotel, were taken over by his niece Laura, who renovated and opened the bar to the public. In honour of her uncle, the bar was named Egidijus Bar.<\/p>\n<p>Everyone is welcome here, both hotel guests and other visitors.<\/p>\n<p>This is a special, homely, and friendly place to spend time with friends, colleagues, or family. Experienced bartenders will offer you the chance to taste a glass of top-quality scotch whiskey from the &#8220;Whiskey Cupboard&#8221; or shake your favourite cocktail to help you relax and forget your daily worries.<\/p>\n<p>Here you can entertain yourself by watching live sports events, listening to live music, or playing games such as darts and pool.<\/p>\n<p>Need a private talk? Not a problem at all\u2014our &#8220;Red Whiskey and Cigar Room&#8221; is open for business.<\/p>\n<\/div>\n<div>\n<p><span style=\"text-decoration: underline;\">Bar opening hours:<\/span><br \/>I-VI: 12:00-23:00, VII: 12:00-20:00<\/p>\n<\/div>\n<ul>\n<li>\n<p>        <img decoding=\"async\" src=\"\/wp-content\/uploads\/bar-1.jpg\" alt=\"\"><\/p>\n<h3>Bar 1<\/h3>\n<\/li>\n<li>\n<p>        <img decoding=\"async\" src=\"\/wp-content\/uploads\/bar-2.jpg\" alt=\"\"><\/p>\n<h3>Bar 2<\/h3>\n<\/li>\n<li>\n<p>        <img decoding=\"async\" src=\"\/wp-content\/uploads\/bar-7.jpg\" alt=\"\"><\/p>\n<h3>Bar 7<\/h3>\n<\/li>\n<li>\n<p>        <img decoding=\"async\" src=\"\/wp-content\/uploads\/bar-3.jpg\" alt=\"\"><\/p>\n<h3>Bar 3<\/h3>\n<\/li>\n<li>\n<p>        <img decoding=\"async\" src=\"\/wp-content\/uploads\/bar-4.jpg\" alt=\"\"><\/p>\n<h3>Bar 4<\/h3>\n<\/li>\n<li>\n<p>        <img decoding=\"async\" src=\"\/wp-content\/uploads\/bar-5.jpg\" alt=\"\"><\/p>\n<h3>Bar 5<\/h3>\n<\/li>\n<li>\n<p>        <img decoding=\"async\" src=\"\/wp-content\/uploads\/bar-6.jpg\" alt=\"\"><\/p>\n<h3>Bar 6<\/h3>\n<\/li>\n<\/ul>\n<ul>\n<li>\n        <a href=\"\/en\/hotel\/\">Hotel<\/a>\n    <\/li>\n<li>\n        <a href=\"\/en\/restaurant\/\">Restaurant<\/a>\n    <\/li>\n<li>\n        <a href=\"\/en\/birzai\/\">Bir\u017eai<\/a>\n    <\/li>\n<\/ul>\n<p><!--more--><br \/>\n<!-- {\"type\":\"layout\",\"children\":[{\"type\":\"section\",\"props\":{\"animation\":\"scale-up\",\"animation_delay\":\"100\",\"header_transparent\":\"light\",\"header_transparent_noplaceholder\":false,\"height\":\"expand\",\"id\":\"top\",\"image\":\"wp-content\\\/uploads\\\/bar-background.jpg\",\"image_effect\":\"parallax\",\"image_parallax_bgy\":\"50%\",\"image_position\":\"center-center\",\"image_size\":\"cover\",\"media_overlay_gradient\":\"linear-gradient(180deg, rgba(0,0,0,0.75) 0%, rgba(0,0,0,0) 33%);\",\"sticky\":\"\",\"style\":\"default\",\"text_color\":\"light\",\"title_breakpoint\":\"xl\",\"title_position\":\"top-left\",\"title_rotation\":\"left\",\"vertical_align\":\"middle\",\"width\":\"default\"},\"children\":[{\"type\":\"row\",\"props\":{\"width\":\"default\"},\"children\":[{\"type\":\"column\",\"props\":{\"image\":\"\",\"image_position\":\"center-center\",\"media_overlay_gradient\":\"\",\"position_sticky_breakpoint\":\"m\",\"vertical_align\":\"middle\"},\"children\":[{\"type\":\"image\",\"props\":{\"block_align\":\"center\",\"image\":\"wp-content\\\/uploads\\\/BUTENAS-hotel-logo-white-en.svg\",\"image_alt\":\"BUTENAS hotel-restaurant-bar\",\"image_svg_color\":\"emphasis\",\"image_svg_inline\":false,\"image_width\":\"50%\",\"margin\":\"xlarge\",\"text_align\":\"center\",\"visibility\":\"s\"}},{\"type\":\"image\",\"props\":{\"block_align\":\"center\",\"image\":\"wp-content\\\/uploads\\\/BUTENAS-hotel-logo-white-en.svg\",\"image_alt\":\"BUTENAS hotel-restaurant-bar\",\"image_svg_color\":\"emphasis\",\"image_svg_inline\":false,\"image_width\":\"80%\",\"margin\":\"xlarge\",\"text_align\":\"center\",\"visibility\":\"hidden-s\"}}]}]}],\"name\":\"Top\"},{\"type\":\"section\",\"props\":{\"id\":\"navigation\",\"image_position\":\"center-center\",\"padding\":\"xsmall\",\"padding_remove_bottom\":false,\"style\":\"default\",\"title_breakpoint\":\"xl\",\"title_position\":\"top-left\",\"title_rotation\":\"left\",\"vertical_align\":\"middle\",\"width\":\"default\"},\"children\":[{\"type\":\"row\",\"children\":[{\"type\":\"column\",\"props\":{\"image_position\":\"center-center\",\"media_overlay_gradient\":\"\",\"position_sticky_breakpoint\":\"m\"},\"children\":[{\"type\":\"breadcrumbs\",\"props\":{\"show_current\":true,\"show_home\":true}}]}]}],\"name\":\"Navigation\"},{\"type\":\"section\",\"props\":{\"id\":\"content\",\"image_position\":\"center-center\",\"padding_remove_bottom\":false,\"padding_remove_top\":true,\"style\":\"default\",\"title_breakpoint\":\"xl\",\"title_position\":\"top-left\",\"title_rotation\":\"left\",\"vertical_align\":\"middle\",\"width\":\"default\"},\"children\":[{\"type\":\"row\",\"children\":[{\"type\":\"column\",\"props\":{\"image_position\":\"center-center\",\"media_overlay_gradient\":\"\",\"position_sticky_breakpoint\":\"m\"},\"children\":[{\"type\":\"panel\",\"props\":{\"animation\":\"scale-up\",\"block_align\":\"center\",\"class\":\"\",\"content\":\"\n\n<p>Everyone is welcome here \\u2013 both hotel guests and other visitors.<\\\/p>\\n\n\n<p>Egidijus Bar is a perfect place to spend your time and entertain yourself. Whether with a glass of whiskey or a tasty cocktail, you will certainly have fun watching live sport events, listening to live music, or playing games such as darts and pool.<\\\/p>\",\"content_column_breakpoint\":\"m\",\"icon\":\"\",\"icon_width\":80,\"image_align\":\"top\",\"image_grid_breakpoint\":\"m\",\"image_grid_width\":\"1-2\",\"image_svg_color\":\"emphasis\",\"link\":\"\",\"link_style\":\"default\",\"link_text\":\"\",\"margin\":\"\",\"meta_align\":\"below-title\",\"meta_element\":\"div\",\"meta_style\":\"text-meta\",\"panel_padding\":\"default\",\"panel_style\":\"card-default\",\"text_align\":\"center\",\"title\":\"\\\"EGIDIJUS BAR\\\" IN BIR\\u017dAI\",\"title_align\":\"top\",\"title_decoration\":\"line\",\"title_element\":\"h1\",\"title_grid_breakpoint\":\"m\",\"title_grid_width\":\"1-2\",\"title_hover_style\":\"reset\"}}]}]},{\"type\":\"row\",\"children\":[{\"type\":\"column\",\"props\":{\"image_position\":\"center-center\",\"media_overlay_gradient\":\"\",\"position_sticky_breakpoint\":\"m\",\"width_medium\":\"1-2\"},\"children\":[{\"type\":\"headline\",\"props\":{\"content\":\"Why actually \\u201cEGIDIJUS BAR\\u201d?\",\"title_decoration\":\"divider\",\"title_element\":\"h2\"}},{\"type\":\"text\",\"props\":{\"column_breakpoint\":\"m\",\"content\":\"\n\n<p>It started in 2012, when Egidijus But\\u0117nas decided to convert the empty basement of the hotel into a bar. Firstly, it was used only for private purposes. In 2022, the bar, as well as the premises of the hotel, were taken over by his niece Laura, who renovated and opened the bar to the public. In honour of her uncle, the bar was named Egidijus Bar.<\\\/p>\\n\n\n<p>Everyone is welcome here, both hotel guests and other visitors.<\\\/p>\\n\n\n<p>This is a special, homely, and friendly place to spend time with friends, colleagues, or family. Experienced bartenders will offer you the chance to taste a glass of top-quality scotch whiskey from the \\\"Whiskey Cupboard\\\" or shake your favourite cocktail to help you relax and forget your daily worries.<\\\/p>\\n\n\n<p>Here you can entertain yourself by watching live sports events, listening to live music, or playing games such as darts and pool.<\\\/p>\\n\n\n<p>Need a private talk? Not a problem at all\\u2014our \\\"Red Whiskey and Cigar Room\\\" is open for business.<\\\/p>\",\"margin\":\"default\"}},{\"type\":\"text\",\"props\":{\"column_breakpoint\":\"m\",\"content\":\"\n\n<p><span style=\\\"text-decoration: underline;\\\">Bar opening hours:<\\\/span><br \\\/>[option field=restaurant_hours]<\\\/p>\",\"margin\":\"default\"}}]},{\"type\":\"column\",\"props\":{\"image\":\"wp-content\\\/uploads\\\/bar-2.jpg\",\"image_position\":\"center-center\",\"media_overlay_gradient\":\"\",\"position_sticky_breakpoint\":\"m\",\"width_medium\":\"1-2\"},\"children\":[]}],\"props\":{\"layout\":\"1-2,1-2\",\"match\":true}},{\"type\":\"row\",\"children\":[{\"type\":\"column\",\"props\":{\"image_position\":\"center-center\",\"media_overlay_gradient\":\"\",\"position_sticky_breakpoint\":\"m\"},\"children\":[{\"type\":\"panel-slider\",\"props\":{\"class\":\"lightbox\",\"content_column_breakpoint\":\"m\",\"icon_width\":80,\"image_align\":\"top\",\"image_grid_breakpoint\":\"m\",\"image_grid_width\":\"1-2\",\"image_height\":\"600\",\"image_svg_color\":\"emphasis\",\"image_width\":\"800\",\"link_style\":\"default\",\"link_text\":\"Read more\",\"margin\":\"default\",\"meta_align\":\"below-title\",\"meta_element\":\"div\",\"meta_style\":\"text-meta\",\"nav\":\"dotnav\",\"nav_align\":\"center\",\"nav_breakpoint\":\"s\",\"panel_card_match\":true,\"show_content\":false,\"show_image\":true,\"show_link\":true,\"show_meta\":false,\"show_title\":false,\"slidenav\":\"outside\",\"slidenav_breakpoint\":\"s\",\"slidenav_margin\":\"medium\",\"slidenav_outside_breakpoint\":\"xl\",\"slider_autoplay\":true,\"slider_autoplay_pause\":true,\"slider_gap\":\"default\",\"slider_sets\":true,\"slider_width\":\"fixed\",\"slider_width_default\":\"1-1\",\"slider_width_medium\":\"1-3\",\"title_align\":\"top\",\"title_element\":\"h3\",\"title_grid_breakpoint\":\"m\",\"title_grid_width\":\"1-2\",\"title_hover_style\":\"reset\"},\"children\":[{\"type\":\"panel-slider_item\",\"props\":{\"image\":\"wp-content\\\/uploads\\\/bar-1.jpg\",\"title\":\"Bar 1\"}},{\"type\":\"panel-slider_item\",\"props\":{\"image\":\"wp-content\\\/uploads\\\/bar-2.jpg\",\"title\":\"Bar 2\"}},{\"type\":\"panel-slider_item\",\"props\":{\"image\":\"wp-content\\\/uploads\\\/bar-7.jpg\",\"title\":\"Bar 7\"}},{\"type\":\"panel-slider_item\",\"props\":{\"image\":\"wp-content\\\/uploads\\\/bar-3.jpg\",\"title\":\"Bar 3\"}},{\"type\":\"panel-slider_item\",\"props\":{\"image\":\"wp-content\\\/uploads\\\/bar-4.jpg\",\"title\":\"Bar 4\"}},{\"type\":\"panel-slider_item\",\"props\":{\"image\":\"wp-content\\\/uploads\\\/bar-5.jpg\",\"title\":\"Bar 5\"}},{\"type\":\"panel-slider_item\",\"props\":{\"image\":\"wp-content\\\/uploads\\\/bar-6.jpg\",\"title\":\"Bar 6\"}}]}]}]},{\"type\":\"row\",\"children\":[{\"type\":\"column\",\"props\":{\"image_position\":\"center-center\",\"media_overlay_gradient\":\"\",\"position_sticky_breakpoint\":\"m\"},\"children\":[{\"type\":\"divider\",\"props\":{\"divider_element\":\"div\",\"divider_style\":\"icon\"}},{\"type\":\"button\",\"props\":{\"grid_column_gap\":\"small\",\"grid_row_gap\":\"small\",\"margin\":\"default\",\"text_align\":\"center\"},\"children\":[{\"type\":\"button_item\",\"props\":{\"button_style\":\"default\",\"content\":\"Hotel\",\"icon\":\"chevron-right\",\"icon_align\":\"right\",\"link\":\"en\\\/hotel\\\/\"}},{\"type\":\"button_item\",\"props\":{\"button_style\":\"default\",\"content\":\"Restaurant\",\"icon\":\"chevron-right\",\"icon_align\":\"right\",\"link\":\"en\\\/restaurant\\\/\"}},{\"type\":\"button_item\",\"props\":{\"button_style\":\"default\",\"content\":\"Bir\\u017eai\",\"icon\":\"chevron-right\",\"icon_align\":\"right\",\"link\":\"en\\\/birzai\\\/\"}}]},{\"type\":\"divider\",\"props\":{\"divider_element\":\"div\",\"divider_style\":\"icon\"}}]}]}],\"name\":\"Content\"}],\"version\":\"3.0.31\"} --><\/p>\n","protected":false},"excerpt":{"rendered":"<p>&#8220;EGIDIJUS BAR&#8221; IN BIR\u017dAI Everyone is welcome here \u2013 both hotel guests and other visitors. Egidijus Bar is a perfect place to spend your time and entertain yourself. Whether with a glass of whiskey or a tasty cocktail, you will certainly have fun watching live sport events, listening to live music, or playing games such [&hellip;]<\/p>\n","protected":false},"author":1,"featured_media":0,"parent":0,"menu_order":10,"comment_status":"closed","ping_status":"closed","template":"","meta":{"_acf_changed":false,"inline_featured_image":false,"footnotes":""},"class_list":["post-612","page","type-page","status-publish","hentry"],"acf":[],"yoast_head":"<!-- This site is optimized with the Yoast SEO plugin v27.4 - https:\/\/yoast.com\/product\/yoast-seo-wordpress\/ -->\n<title>Bar in Bir\u017eai | BUTENAS HOTEL<\/title>\n<meta name=\"description\" content=\"EGIDIJUS BAR in Bir\u017eai is a perfect place to spend your time with a glass of whiskey or a tasty cocktail. You will certainly have fun watching live sport events, listening to live music, or playing games such as darts and pool.\" \/>\n<meta name=\"robots\" content=\"index, follow, max-snippet:-1, max-image-preview:large, max-video-preview:-1\" \/>\n<link rel=\"canonical\" href=\"https:\/\/www.butenas-hotel.lt\/en\/bar\/\" \/>\n<meta property=\"og:locale\" content=\"en_US\" \/>\n<meta property=\"og:type\" content=\"article\" \/>\n<meta property=\"og:title\" content=\"Bar in Bir\u017eai | BUTENAS HOTEL\" \/>\n<meta property=\"og:description\" content=\"EGIDIJUS BAR in Bir\u017eai is a perfect place to spend your time with a glass of whiskey or a tasty cocktail. You will certainly have fun watching live sport events, listening to live music, or playing games such as darts and pool.\" \/>\n<meta property=\"og:url\" content=\"https:\/\/www.butenas-hotel.lt\/en\/bar\/\" \/>\n<meta property=\"og:site_name\" content=\"BUT\u0116NAS HOTEL\" \/>\n<meta property=\"article:modified_time\" content=\"2023-05-02T08:14:43+00:00\" \/>\n<meta name=\"twitter:card\" content=\"summary_large_image\" \/>\n<meta name=\"twitter:label1\" content=\"Est. reading time\" \/>\n\t<meta name=\"twitter:data1\" content=\"4 minutes\" \/>\n<script type=\"application\/ld+json\" class=\"yoast-schema-graph\">{\"@context\":\"https:\\\/\\\/schema.org\",\"@graph\":[{\"@type\":\"WebPage\",\"@id\":\"https:\\\/\\\/www.butenas-hotel.lt\\\/en\\\/bar\\\/\",\"url\":\"https:\\\/\\\/www.butenas-hotel.lt\\\/en\\\/bar\\\/\",\"name\":\"Bar in Bir\u017eai | BUTENAS HOTEL\",\"isPartOf\":{\"@id\":\"https:\\\/\\\/www.butenas-hotel.lt\\\/en\\\/#website\"},\"datePublished\":\"2022-11-30T09:10:08+00:00\",\"dateModified\":\"2023-05-02T08:14:43+00:00\",\"description\":\"EGIDIJUS BAR in Bir\u017eai is a perfect place to spend your time with a glass of whiskey or a tasty cocktail. You will certainly have fun watching live sport events, listening to live music, or playing games such as darts and pool.\",\"breadcrumb\":{\"@id\":\"https:\\\/\\\/www.butenas-hotel.lt\\\/en\\\/bar\\\/#breadcrumb\"},\"inLanguage\":\"en-US\",\"potentialAction\":[{\"@type\":\"ReadAction\",\"target\":[\"https:\\\/\\\/www.butenas-hotel.lt\\\/en\\\/bar\\\/\"]}]},{\"@type\":\"BreadcrumbList\",\"@id\":\"https:\\\/\\\/www.butenas-hotel.lt\\\/en\\\/bar\\\/#breadcrumb\",\"itemListElement\":[{\"@type\":\"ListItem\",\"position\":1,\"name\":\"Home\",\"item\":\"https:\\\/\\\/www.butenas-hotel.lt\\\/en\\\/\"},{\"@type\":\"ListItem\",\"position\":2,\"name\":\"Bar\"}]},{\"@type\":\"WebSite\",\"@id\":\"https:\\\/\\\/www.butenas-hotel.lt\\\/en\\\/#website\",\"url\":\"https:\\\/\\\/www.butenas-hotel.lt\\\/en\\\/\",\"name\":\"BUT\u0116NAS HOTEL\",\"description\":\"Vie\u0161butis - Restoranas - Baras Bir\u017euose\",\"publisher\":{\"@id\":\"https:\\\/\\\/www.butenas-hotel.lt\\\/en\\\/#organization\"},\"potentialAction\":[{\"@type\":\"SearchAction\",\"target\":{\"@type\":\"EntryPoint\",\"urlTemplate\":\"https:\\\/\\\/www.butenas-hotel.lt\\\/en\\\/?s={search_term_string}\"},\"query-input\":{\"@type\":\"PropertyValueSpecification\",\"valueRequired\":true,\"valueName\":\"search_term_string\"}}],\"inLanguage\":\"en-US\"},{\"@type\":\"Organization\",\"@id\":\"https:\\\/\\\/www.butenas-hotel.lt\\\/en\\\/#organization\",\"name\":\"BUT\u0116NAS HOTEL vie\u0161butis-restoranas-baras\",\"url\":\"https:\\\/\\\/www.butenas-hotel.lt\\\/en\\\/\",\"logo\":{\"@type\":\"ImageObject\",\"inLanguage\":\"en-US\",\"@id\":\"https:\\\/\\\/www.butenas-hotel.lt\\\/en\\\/#\\\/schema\\\/logo\\\/image\\\/\",\"url\":\"https:\\\/\\\/www.butenas-hotel.lt\\\/wp-content\\\/uploads\\\/BUTENAS-hotel-logo-black-en.svg\",\"contentUrl\":\"https:\\\/\\\/www.butenas-hotel.lt\\\/wp-content\\\/uploads\\\/BUTENAS-hotel-logo-black-en.svg\",\"width\":\"800\",\"height\":\"800\",\"caption\":\"BUT\u0116NAS HOTEL vie\u0161butis-restoranas-baras\"},\"image\":{\"@id\":\"https:\\\/\\\/www.butenas-hotel.lt\\\/en\\\/#\\\/schema\\\/logo\\\/image\\\/\"}}]}<\/script>\n<!-- \/ Yoast SEO plugin. -->","yoast_head_json":{"title":"Bar in Bir\u017eai | BUTENAS HOTEL","description":"EGIDIJUS BAR in Bir\u017eai is a perfect place to spend your time with a glass of whiskey or a tasty cocktail. You will certainly have fun watching live sport events, listening to live music, or playing games such as darts and pool.","robots":{"index":"index","follow":"follow","max-snippet":"max-snippet:-1","max-image-preview":"max-image-preview:large","max-video-preview":"max-video-preview:-1"},"canonical":"https:\/\/www.butenas-hotel.lt\/en\/bar\/","og_locale":"en_US","og_type":"article","og_title":"Bar in Bir\u017eai | BUTENAS HOTEL","og_description":"EGIDIJUS BAR in Bir\u017eai is a perfect place to spend your time with a glass of whiskey or a tasty cocktail. You will certainly have fun watching live sport events, listening to live music, or playing games such as darts and pool.","og_url":"https:\/\/www.butenas-hotel.lt\/en\/bar\/","og_site_name":"BUT\u0116NAS HOTEL","article_modified_time":"2023-05-02T08:14:43+00:00","twitter_card":"summary_large_image","twitter_misc":{"Est. reading time":"4 minutes"},"schema":{"@context":"https:\/\/schema.org","@graph":[{"@type":"WebPage","@id":"https:\/\/www.butenas-hotel.lt\/en\/bar\/","url":"https:\/\/www.butenas-hotel.lt\/en\/bar\/","name":"Bar in Bir\u017eai | BUTENAS HOTEL","isPartOf":{"@id":"https:\/\/www.butenas-hotel.lt\/en\/#website"},"datePublished":"2022-11-30T09:10:08+00:00","dateModified":"2023-05-02T08:14:43+00:00","description":"EGIDIJUS BAR in Bir\u017eai is a perfect place to spend your time with a glass of whiskey or a tasty cocktail. You will certainly have fun watching live sport events, listening to live music, or playing games such as darts and pool.","breadcrumb":{"@id":"https:\/\/www.butenas-hotel.lt\/en\/bar\/#breadcrumb"},"inLanguage":"en-US","potentialAction":[{"@type":"ReadAction","target":["https:\/\/www.butenas-hotel.lt\/en\/bar\/"]}]},{"@type":"BreadcrumbList","@id":"https:\/\/www.butenas-hotel.lt\/en\/bar\/#breadcrumb","itemListElement":[{"@type":"ListItem","position":1,"name":"Home","item":"https:\/\/www.butenas-hotel.lt\/en\/"},{"@type":"ListItem","position":2,"name":"Bar"}]},{"@type":"WebSite","@id":"https:\/\/www.butenas-hotel.lt\/en\/#website","url":"https:\/\/www.butenas-hotel.lt\/en\/","name":"BUT\u0116NAS HOTEL","description":"Vie\u0161butis - Restoranas - Baras Bir\u017euose","publisher":{"@id":"https:\/\/www.butenas-hotel.lt\/en\/#organization"},"potentialAction":[{"@type":"SearchAction","target":{"@type":"EntryPoint","urlTemplate":"https:\/\/www.butenas-hotel.lt\/en\/?s={search_term_string}"},"query-input":{"@type":"PropertyValueSpecification","valueRequired":true,"valueName":"search_term_string"}}],"inLanguage":"en-US"},{"@type":"Organization","@id":"https:\/\/www.butenas-hotel.lt\/en\/#organization","name":"BUT\u0116NAS HOTEL vie\u0161butis-restoranas-baras","url":"https:\/\/www.butenas-hotel.lt\/en\/","logo":{"@type":"ImageObject","inLanguage":"en-US","@id":"https:\/\/www.butenas-hotel.lt\/en\/#\/schema\/logo\/image\/","url":"https:\/\/www.butenas-hotel.lt\/wp-content\/uploads\/BUTENAS-hotel-logo-black-en.svg","contentUrl":"https:\/\/www.butenas-hotel.lt\/wp-content\/uploads\/BUTENAS-hotel-logo-black-en.svg","width":"800","height":"800","caption":"BUT\u0116NAS HOTEL vie\u0161butis-restoranas-baras"},"image":{"@id":"https:\/\/www.butenas-hotel.lt\/en\/#\/schema\/logo\/image\/"}}]}},"_links":{"self":[{"href":"https:\/\/www.butenas-hotel.lt\/en\/wp-json\/wp\/v2\/pages\/612","targetHints":{"allow":["GET"]}}],"collection":[{"href":"https:\/\/www.butenas-hotel.lt\/en\/wp-json\/wp\/v2\/pages"}],"about":[{"href":"https:\/\/www.butenas-hotel.lt\/en\/wp-json\/wp\/v2\/types\/page"}],"author":[{"embeddable":true,"href":"https:\/\/www.butenas-hotel.lt\/en\/wp-json\/wp\/v2\/users\/1"}],"replies":[{"embeddable":true,"href":"https:\/\/www.butenas-hotel.lt\/en\/wp-json\/wp\/v2\/comments?post=612"}],"version-history":[{"count":12,"href":"https:\/\/www.butenas-hotel.lt\/en\/wp-json\/wp\/v2\/pages\/612\/revisions"}],"predecessor-version":[{"id":971,"href":"https:\/\/www.butenas-hotel.lt\/en\/wp-json\/wp\/v2\/pages\/612\/revisions\/971"}],"wp:attachment":[{"href":"https:\/\/www.butenas-hotel.lt\/en\/wp-json\/wp\/v2\/media?parent=612"}],"curies":[{"name":"wp","href":"https:\/\/api.w.org\/{rel}","templated":true}]}}