{"id":640,"date":"2022-10-25T11:55:59","date_gmt":"2022-10-25T09:55:59","guid":{"rendered":"https:\/\/www.butenas-hotel.lt\/birzai\/"},"modified":"2022-11-30T17:06:09","modified_gmt":"2022-11-30T15:06:09","slug":"birzai","status":"publish","type":"page","link":"https:\/\/www.butenas-hotel.lt\/de\/birzai\/","title":{"rendered":"Bir\u017eai"},"content":{"rendered":"<p><img decoding=\"async\" src=\"\/wp-content\/uploads\/BUTENAS-hotel-logo-white-de.svg\" alt=\"BUTENAS hotel-restaurant-bar\"><br \/>\n<img decoding=\"async\" src=\"\/wp-content\/uploads\/BUTENAS-hotel-logo-white-de.svg\" alt=\"BUTENAS hotel-restaurant-bar\"><\/p>\n<div>\n<h1>SEHENSW\u00dcRDIGKEITEN IN BIR\u017dAI<\/h1>\n<div>\n<p>Bir\u017eai, eine der \u00e4ltesten St\u00e4dte Litauens, z\u00e4hlt bereits f\u00fcnfhundert Jahre. Bir\u017eai liegt zwischen den Fl\u00fcssen Apa\u0161\u010dia und Agluona und den Seen \u0160irv\u0117na und Kilu\u010diai und ist au\u00dfergew\u00f6hnlich reich an Naturph\u00e4nomenen. Erkunden Sie diese sch\u00f6ne Stadt und schauen Sie einmal beim Rathaus und dem Schloss Bir\u017eai vorbei. Es lohnt sich!<\/p>\n<\/div>\n<p><a href=\"http:\/\/baltic360.lt\/360\/1_lietuva\/birzai\/birzai_apzvalga\/index.html\">PANORAMENSICHT AUF BIR\u017dAI <span uk-icon=\"icon: play-circle;\"><\/span><\/a><\/p>\n<\/div>\n<h2>AU\u00dfERGEW\u00d6HNLICHE NATUR IN BIR\u017dAI<\/h2>\n<div>\n<p>Die Natur in der Region Bir\u017eai war und ist immer noch etwas ganz Besonderes: an der einen oder anderen Stelle bricht der Boden zusammen und es entstehen Karstl\u00f6cher. In der Region Bir\u017eai gibt es mehr als 9.000 davon. Die ber\u00fchmteste, die Kuhh\u00f6hle im Naturpark Karajami\u0161kiai, ist das am meisten erforschte geologische Denkmal in Nordlitauen.<\/p>\n<p>Wenn Sie auf den 32 Meter hohen Aussichtsturm im Dorf Kirkliai klettern, k\u00f6nnen Sie die atemberaubende Aussicht auf 30 Karstseen beobachten. Vielleicht haben Sie Gl\u00fcck: Manchmal im Sommer, wenn die nat\u00fcrlichen Umst\u00e4nde zusammenpassen, erscheinen die Seen in verschiedenen Farben &#8211; ein atemberaubender Anblick, den Sie unbedingt erhaschen sollten!<\/p>\n<p>Der \u0160irv\u0117na-See, einer der sch\u00f6nsten Seen der Region, beherbergt die l\u00e4ngste Fu\u00dfg\u00e4ngerbr\u00fccke Litauens. Sie verbindet die Stadt Bir\u017eai mit dem Gut Astravas, das bis ins 20. Jahrhundert den einflussreichen Familien Radvilos und Ti\u0161kevi\u010diai geh\u00f6rte.<\/p>\n<p>Die Br\u00fccke ist besonders beliebt und wird oft von Anglern, Hochzeitsg\u00e4sten und Einheimischen besucht, die die Ruhe des Sees sowie den sch\u00f6nen Anblick der Stadt genie\u00dfen. Machen Sie einen Spaziergang und \u00fcberzeugen Sie sich selbst von der sch\u00f6nen und beeindruckenden Natur!<\/p>\n<\/div>\n<h2>KIRKLIAI AUSSICHTSTURM \u2013 VIDEO-PR\u00c4SENTATION<\/h2>\n<p><a href=\"https:\/\/vimeo.com\/324432525\"><img decoding=\"async\" src=\"\/wp-content\/uploads\/birzai-video-placeholder.jpg\" alt=\"Birzai video placeholder\"><\/a><\/p>\n<ul>\n<li>\n        <a href=\"\/de\/hotel\/\">Hotel<\/a>\n    <\/li>\n<li>\n        <a href=\"\/de\/restaurant\/\">Restaurant<\/a>\n    <\/li>\n<li>\n        <a href=\"\/de\/bar\/\">Bar<\/a>\n    <\/li>\n<\/ul>\n<p><!--more--><br \/>\n<!-- {\"type\":\"layout\",\"children\":[{\"type\":\"section\",\"props\":{\"animation\":\"scale-up\",\"animation_delay\":\"100\",\"header_transparent\":\"light\",\"header_transparent_noplaceholder\":false,\"height\":\"expand\",\"id\":\"top\",\"image\":\"wp-content\\\/uploads\\\/birzai-background.jpg\",\"image_effect\":\"parallax\",\"image_parallax_bgy\":\"50%\",\"image_position\":\"center-center\",\"image_size\":\"cover\",\"media_overlay_gradient\":\"linear-gradient(180deg, rgba(0,0,0,0.75) 0%, rgba(0,0,0,0) 33%);\",\"sticky\":\"\",\"style\":\"default\",\"text_color\":\"light\",\"title_breakpoint\":\"xl\",\"title_position\":\"top-left\",\"title_rotation\":\"left\",\"vertical_align\":\"middle\",\"width\":\"default\"},\"children\":[{\"type\":\"row\",\"props\":{\"width\":\"default\"},\"children\":[{\"type\":\"column\",\"props\":{\"image\":\"\",\"image_position\":\"center-center\",\"media_overlay_gradient\":\"\",\"position_sticky_breakpoint\":\"m\",\"vertical_align\":\"middle\"},\"children\":[{\"type\":\"image\",\"props\":{\"block_align\":\"center\",\"image\":\"wp-content\\\/uploads\\\/BUTENAS-hotel-logo-white-de.svg\",\"image_alt\":\"BUTENAS hotel-restaurant-bar\",\"image_svg_color\":\"emphasis\",\"image_svg_inline\":false,\"image_width\":\"50%\",\"margin\":\"xlarge\",\"text_align\":\"center\",\"visibility\":\"s\"}},{\"type\":\"image\",\"props\":{\"block_align\":\"center\",\"image\":\"wp-content\\\/uploads\\\/BUTENAS-hotel-logo-white-de.svg\",\"image_alt\":\"BUTENAS hotel-restaurant-bar\",\"image_svg_color\":\"emphasis\",\"image_svg_inline\":false,\"image_width\":\"80%\",\"margin\":\"xlarge\",\"text_align\":\"center\",\"visibility\":\"hidden-s\"}}]}]}],\"name\":\"Top\"},{\"type\":\"section\",\"props\":{\"id\":\"navigation\",\"image_position\":\"center-center\",\"padding\":\"xsmall\",\"padding_remove_bottom\":false,\"style\":\"default\",\"title_breakpoint\":\"xl\",\"title_position\":\"top-left\",\"title_rotation\":\"left\",\"vertical_align\":\"middle\",\"width\":\"default\"},\"children\":[{\"type\":\"row\",\"children\":[{\"type\":\"column\",\"props\":{\"image_position\":\"center-center\",\"media_overlay_gradient\":\"\",\"position_sticky_breakpoint\":\"m\"},\"children\":[{\"type\":\"breadcrumbs\",\"props\":{\"show_current\":true,\"show_home\":true}}]}]}],\"name\":\"Navigation\"},{\"type\":\"section\",\"props\":{\"id\":\"content\",\"image_position\":\"center-center\",\"padding_remove_bottom\":false,\"padding_remove_top\":true,\"style\":\"default\",\"title_breakpoint\":\"xl\",\"title_position\":\"top-left\",\"title_rotation\":\"left\",\"vertical_align\":\"middle\",\"width\":\"default\"},\"children\":[{\"type\":\"row\",\"children\":[{\"type\":\"column\",\"props\":{\"image_position\":\"center-center\",\"media_overlay_gradient\":\"\",\"position_sticky_breakpoint\":\"m\"},\"children\":[{\"type\":\"panel\",\"props\":{\"animation\":\"scale-up\",\"block_align\":\"center\",\"class\":\"\",\"content\":\"\n\n<p>Bir\\u017eai, eine der \\u00e4ltesten St\\u00e4dte Litauens, z\\u00e4hlt bereits f\\u00fcnfhundert Jahre. Bir\\u017eai liegt zwischen den Fl\\u00fcssen Apa\\u0161\\u010dia und Agluona und den Seen \\u0160irv\\u0117na und Kilu\\u010diai und ist au\\u00dfergew\\u00f6hnlich reich an Naturph\\u00e4nomenen. Erkunden Sie diese sch\\u00f6ne Stadt und schauen Sie einmal beim Rathaus und dem Schloss Bir\\u017eai vorbei. Es lohnt sich!<\\\/p>\",\"content_column_breakpoint\":\"m\",\"icon\":\"\",\"icon_width\":80,\"image_align\":\"top\",\"image_grid_breakpoint\":\"m\",\"image_grid_width\":\"1-2\",\"image_svg_color\":\"emphasis\",\"link\":\"http:\\\/\\\/baltic360.lt\\\/360\\\/1_lietuva\\\/birzai\\\/birzai_apzvalga\\\/index.html\",\"link_style\":\"default\",\"link_target\":true,\"link_text\":\"PANORAMENSICHT AUF BIR\\u017dAI <span uk-icon=\\\"icon: play-circle;\\\"><\\\/span>\",\"margin\":\"\",\"meta_align\":\"below-title\",\"meta_element\":\"div\",\"meta_style\":\"text-meta\",\"panel_padding\":\"default\",\"panel_style\":\"card-default\",\"text_align\":\"center\",\"title\":\"SEHENSW\\u00dcRDIGKEITEN IN BIR\\u017dAI\",\"title_align\":\"top\",\"title_decoration\":\"line\",\"title_element\":\"h1\",\"title_grid_breakpoint\":\"m\",\"title_grid_width\":\"1-2\",\"title_hover_style\":\"reset\"}}]}]},{\"type\":\"row\",\"children\":[{\"type\":\"column\",\"props\":{\"image_position\":\"center-center\",\"media_overlay_gradient\":\"\",\"position_sticky_breakpoint\":\"m\"},\"children\":[{\"type\":\"headline\",\"props\":{\"content\":\"AU\\u00dfERGEW\\u00d6HNLICHE NATUR IN BIR\\u017dAI\",\"title_decoration\":\"divider\",\"title_element\":\"h2\"}},{\"type\":\"text\",\"props\":{\"column_breakpoint\":\"m\",\"content\":\"\n\n<p>Die Natur in der Region Bir\\u017eai war und ist immer noch etwas ganz Besonderes: an der einen oder anderen Stelle bricht der Boden zusammen und es entstehen Karstl\\u00f6cher. In der Region Bir\\u017eai gibt es mehr als 9.000 davon. Die ber\\u00fchmteste, die Kuhh\\u00f6hle im Naturpark Karajami\\u0161kiai, ist das am meisten erforschte geologische Denkmal in Nordlitauen.<\\\/p>\\n\n\n<p>Wenn Sie auf den 32 Meter hohen Aussichtsturm im Dorf Kirkliai klettern, k\\u00f6nnen Sie die atemberaubende Aussicht auf 30 Karstseen beobachten. Vielleicht haben Sie Gl\\u00fcck: Manchmal im Sommer, wenn die nat\\u00fcrlichen Umst\\u00e4nde zusammenpassen, erscheinen die Seen in verschiedenen Farben - ein atemberaubender Anblick, den Sie unbedingt erhaschen sollten!<\\\/p>\\n\n\n<p>Der \\u0160irv\\u0117na-See, einer der sch\\u00f6nsten Seen der Region, beherbergt die l\\u00e4ngste Fu\\u00dfg\\u00e4ngerbr\\u00fccke Litauens. Sie verbindet die Stadt Bir\\u017eai mit dem Gut Astravas, das bis ins 20. Jahrhundert den einflussreichen Familien Radvilos und Ti\\u0161kevi\\u010diai geh\\u00f6rte.<\\\/p>\\n\n\n<p>Die Br\\u00fccke ist besonders beliebt und wird oft von Anglern, Hochzeitsg\\u00e4sten und Einheimischen besucht, die die Ruhe des Sees sowie den sch\\u00f6nen Anblick der Stadt genie\\u00dfen. Machen Sie einen Spaziergang und \\u00fcberzeugen Sie sich selbst von der sch\\u00f6nen und beeindruckenden Natur!<\\\/p>\",\"margin\":\"default\"}}]}]},{\"type\":\"row\",\"children\":[{\"type\":\"column\",\"props\":{\"image_position\":\"center-center\",\"media_overlay_gradient\":\"\",\"position_sticky_breakpoint\":\"m\"},\"children\":[{\"type\":\"headline\",\"props\":{\"content\":\"KIRKLIAI AUSSICHTSTURM \\u2013 VIDEO-PR\\u00c4SENTATION\",\"title_element\":\"h2\"}},{\"type\":\"image\",\"props\":{\"image\":\"wp-content\\\/uploads\\\/birzai-video-placeholder.jpg\",\"image_alt\":\"Birzai video placeholder\",\"image_svg_color\":\"emphasis\",\"lightbox_height\":\"450\",\"lightbox_width\":\"800\",\"link\":\"https:\\\/\\\/vimeo.com\\\/324432525\",\"link_target\":\"modal\",\"margin\":\"default\",\"text_align\":\"center\"}}]}]},{\"type\":\"row\",\"children\":[{\"type\":\"column\",\"props\":{\"image_position\":\"center-center\",\"media_overlay_gradient\":\"\",\"position_sticky_breakpoint\":\"m\"},\"children\":[{\"type\":\"divider\",\"props\":{\"divider_element\":\"div\",\"divider_style\":\"icon\"}},{\"type\":\"button\",\"props\":{\"grid_column_gap\":\"small\",\"grid_row_gap\":\"small\",\"margin\":\"default\",\"text_align\":\"center\"},\"children\":[{\"type\":\"button_item\",\"props\":{\"button_style\":\"default\",\"content\":\"Hotel\",\"icon\":\"chevron-right\",\"icon_align\":\"right\",\"link\":\"de\\\/hotel\\\/\"}},{\"type\":\"button_item\",\"props\":{\"button_style\":\"default\",\"content\":\"Restaurant\",\"icon\":\"chevron-right\",\"icon_align\":\"right\",\"link\":\"de\\\/restaurant\\\/\"}},{\"type\":\"button_item\",\"props\":{\"button_style\":\"default\",\"content\":\"Bar\",\"icon\":\"chevron-right\",\"icon_align\":\"right\",\"link\":\"de\\\/bar\\\/\"}}]},{\"type\":\"divider\",\"props\":{\"divider_element\":\"div\",\"divider_style\":\"icon\"}}]}]}],\"name\":\"Content\"}],\"version\":\"3.0.14\"} --><\/p>\n","protected":false},"excerpt":{"rendered":"<p>SEHENSW\u00dcRDIGKEITEN IN BIR\u017dAI Bir\u017eai, eine der \u00e4ltesten St\u00e4dte Litauens, z\u00e4hlt bereits f\u00fcnfhundert Jahre. Bir\u017eai liegt zwischen den Fl\u00fcssen Apa\u0161\u010dia und Agluona und den Seen \u0160irv\u0117na und Kilu\u010diai und ist au\u00dfergew\u00f6hnlich reich an Naturph\u00e4nomenen. Erkunden Sie diese sch\u00f6ne Stadt und schauen Sie einmal beim Rathaus und dem Schloss Bir\u017eai vorbei. Es lohnt sich! PANORAMENSICHT AUF BIR\u017dAI [&hellip;]<\/p>\n","protected":false},"author":1,"featured_media":0,"parent":0,"menu_order":17,"comment_status":"closed","ping_status":"closed","template":"","meta":{"_acf_changed":false,"inline_featured_image":false,"footnotes":""},"class_list":["post-640","page","type-page","status-publish","hentry"],"acf":[],"yoast_head":"<!-- This site is optimized with the Yoast SEO plugin v27.4 - https:\/\/yoast.com\/product\/yoast-seo-wordpress\/ -->\n<title>Sehensw\u00fcrdigkeiten in Bir\u017eai | BUTENAS HOTEL<\/title>\n<meta name=\"description\" content=\"Bir\u017eai ist eine der \u00e4ltesten St\u00e4dte Litauens und au\u00dfergew\u00f6hnlich reich an Naturph\u00e4nomenen.Erkunden Sie diese sch\u00f6ne Stadt!Bei allen Fragen steht Ihnen BUTENAS HOTEL Team gerne zur Verf\u00fcgung und unterst\u00fctzt Sie mit Informationen.\" \/>\n<meta name=\"robots\" content=\"index, follow, max-snippet:-1, max-image-preview:large, max-video-preview:-1\" \/>\n<link rel=\"canonical\" href=\"https:\/\/www.butenas-hotel.lt\/de\/birzai\/\" \/>\n<meta property=\"og:locale\" content=\"de_DE\" \/>\n<meta property=\"og:type\" content=\"article\" \/>\n<meta property=\"og:title\" content=\"Sehensw\u00fcrdigkeiten in Bir\u017eai | BUTENAS HOTEL\" \/>\n<meta property=\"og:description\" content=\"Bir\u017eai ist eine der \u00e4ltesten St\u00e4dte Litauens und au\u00dfergew\u00f6hnlich reich an Naturph\u00e4nomenen.Erkunden Sie diese sch\u00f6ne Stadt!Bei allen Fragen steht Ihnen BUTENAS HOTEL Team gerne zur Verf\u00fcgung und unterst\u00fctzt Sie mit Informationen.\" \/>\n<meta property=\"og:url\" content=\"https:\/\/www.butenas-hotel.lt\/de\/birzai\/\" \/>\n<meta property=\"og:site_name\" content=\"BUT\u0116NAS HOTEL\" \/>\n<meta property=\"article:modified_time\" content=\"2022-11-30T15:06:09+00:00\" \/>\n<meta name=\"twitter:card\" content=\"summary_large_image\" \/>\n<meta name=\"twitter:label1\" content=\"Gesch\u00e4tzte Lesezeit\" \/>\n\t<meta name=\"twitter:data1\" content=\"3\u00a0Minuten\" \/>\n<script type=\"application\/ld+json\" class=\"yoast-schema-graph\">{\"@context\":\"https:\\\/\\\/schema.org\",\"@graph\":[{\"@type\":\"WebPage\",\"@id\":\"https:\\\/\\\/www.butenas-hotel.lt\\\/de\\\/birzai\\\/\",\"url\":\"https:\\\/\\\/www.butenas-hotel.lt\\\/de\\\/birzai\\\/\",\"name\":\"Sehensw\u00fcrdigkeiten in Bir\u017eai | BUTENAS HOTEL\",\"isPartOf\":{\"@id\":\"https:\\\/\\\/www.butenas-hotel.lt\\\/de\\\/#website\"},\"datePublished\":\"2022-10-25T09:55:59+00:00\",\"dateModified\":\"2022-11-30T15:06:09+00:00\",\"description\":\"Bir\u017eai ist eine der \u00e4ltesten St\u00e4dte Litauens und au\u00dfergew\u00f6hnlich reich an Naturph\u00e4nomenen.Erkunden Sie diese sch\u00f6ne Stadt!Bei allen Fragen steht Ihnen BUTENAS HOTEL Team gerne zur Verf\u00fcgung und unterst\u00fctzt Sie mit Informationen.\",\"breadcrumb\":{\"@id\":\"https:\\\/\\\/www.butenas-hotel.lt\\\/de\\\/birzai\\\/#breadcrumb\"},\"inLanguage\":\"de\",\"potentialAction\":[{\"@type\":\"ReadAction\",\"target\":[\"https:\\\/\\\/www.butenas-hotel.lt\\\/de\\\/birzai\\\/\"]}]},{\"@type\":\"BreadcrumbList\",\"@id\":\"https:\\\/\\\/www.butenas-hotel.lt\\\/de\\\/birzai\\\/#breadcrumb\",\"itemListElement\":[{\"@type\":\"ListItem\",\"position\":1,\"name\":\"Home\",\"item\":\"https:\\\/\\\/www.butenas-hotel.lt\\\/de\\\/\"},{\"@type\":\"ListItem\",\"position\":2,\"name\":\"Bir\u017eai\"}]},{\"@type\":\"WebSite\",\"@id\":\"https:\\\/\\\/www.butenas-hotel.lt\\\/de\\\/#website\",\"url\":\"https:\\\/\\\/www.butenas-hotel.lt\\\/de\\\/\",\"name\":\"BUT\u0116NAS HOTEL\",\"description\":\"Vie\u0161butis - Restoranas - Baras Bir\u017euose\",\"publisher\":{\"@id\":\"https:\\\/\\\/www.butenas-hotel.lt\\\/de\\\/#organization\"},\"potentialAction\":[{\"@type\":\"SearchAction\",\"target\":{\"@type\":\"EntryPoint\",\"urlTemplate\":\"https:\\\/\\\/www.butenas-hotel.lt\\\/de\\\/?s={search_term_string}\"},\"query-input\":{\"@type\":\"PropertyValueSpecification\",\"valueRequired\":true,\"valueName\":\"search_term_string\"}}],\"inLanguage\":\"de\"},{\"@type\":\"Organization\",\"@id\":\"https:\\\/\\\/www.butenas-hotel.lt\\\/de\\\/#organization\",\"name\":\"BUT\u0116NAS HOTEL vie\u0161butis-restoranas-baras\",\"url\":\"https:\\\/\\\/www.butenas-hotel.lt\\\/de\\\/\",\"logo\":{\"@type\":\"ImageObject\",\"inLanguage\":\"de\",\"@id\":\"https:\\\/\\\/www.butenas-hotel.lt\\\/de\\\/#\\\/schema\\\/logo\\\/image\\\/\",\"url\":\"https:\\\/\\\/www.butenas-hotel.lt\\\/wp-content\\\/uploads\\\/BUTENAS-hotel-logo-black-en.svg\",\"contentUrl\":\"https:\\\/\\\/www.butenas-hotel.lt\\\/wp-content\\\/uploads\\\/BUTENAS-hotel-logo-black-en.svg\",\"width\":\"800\",\"height\":\"800\",\"caption\":\"BUT\u0116NAS HOTEL vie\u0161butis-restoranas-baras\"},\"image\":{\"@id\":\"https:\\\/\\\/www.butenas-hotel.lt\\\/de\\\/#\\\/schema\\\/logo\\\/image\\\/\"}}]}<\/script>\n<!-- \/ Yoast SEO plugin. -->","yoast_head_json":{"title":"Sehensw\u00fcrdigkeiten in Bir\u017eai | BUTENAS HOTEL","description":"Bir\u017eai ist eine der \u00e4ltesten St\u00e4dte Litauens und au\u00dfergew\u00f6hnlich reich an Naturph\u00e4nomenen.Erkunden Sie diese sch\u00f6ne Stadt!Bei allen Fragen steht Ihnen BUTENAS HOTEL Team gerne zur Verf\u00fcgung und unterst\u00fctzt Sie mit Informationen.","robots":{"index":"index","follow":"follow","max-snippet":"max-snippet:-1","max-image-preview":"max-image-preview:large","max-video-preview":"max-video-preview:-1"},"canonical":"https:\/\/www.butenas-hotel.lt\/de\/birzai\/","og_locale":"de_DE","og_type":"article","og_title":"Sehensw\u00fcrdigkeiten in Bir\u017eai | BUTENAS HOTEL","og_description":"Bir\u017eai ist eine der \u00e4ltesten St\u00e4dte Litauens und au\u00dfergew\u00f6hnlich reich an Naturph\u00e4nomenen.Erkunden Sie diese sch\u00f6ne Stadt!Bei allen Fragen steht Ihnen BUTENAS HOTEL Team gerne zur Verf\u00fcgung und unterst\u00fctzt Sie mit Informationen.","og_url":"https:\/\/www.butenas-hotel.lt\/de\/birzai\/","og_site_name":"BUT\u0116NAS HOTEL","article_modified_time":"2022-11-30T15:06:09+00:00","twitter_card":"summary_large_image","twitter_misc":{"Gesch\u00e4tzte Lesezeit":"3\u00a0Minuten"},"schema":{"@context":"https:\/\/schema.org","@graph":[{"@type":"WebPage","@id":"https:\/\/www.butenas-hotel.lt\/de\/birzai\/","url":"https:\/\/www.butenas-hotel.lt\/de\/birzai\/","name":"Sehensw\u00fcrdigkeiten in Bir\u017eai | BUTENAS HOTEL","isPartOf":{"@id":"https:\/\/www.butenas-hotel.lt\/de\/#website"},"datePublished":"2022-10-25T09:55:59+00:00","dateModified":"2022-11-30T15:06:09+00:00","description":"Bir\u017eai ist eine der \u00e4ltesten St\u00e4dte Litauens und au\u00dfergew\u00f6hnlich reich an Naturph\u00e4nomenen.Erkunden Sie diese sch\u00f6ne Stadt!Bei allen Fragen steht Ihnen BUTENAS HOTEL Team gerne zur Verf\u00fcgung und unterst\u00fctzt Sie mit Informationen.","breadcrumb":{"@id":"https:\/\/www.butenas-hotel.lt\/de\/birzai\/#breadcrumb"},"inLanguage":"de","potentialAction":[{"@type":"ReadAction","target":["https:\/\/www.butenas-hotel.lt\/de\/birzai\/"]}]},{"@type":"BreadcrumbList","@id":"https:\/\/www.butenas-hotel.lt\/de\/birzai\/#breadcrumb","itemListElement":[{"@type":"ListItem","position":1,"name":"Home","item":"https:\/\/www.butenas-hotel.lt\/de\/"},{"@type":"ListItem","position":2,"name":"Bir\u017eai"}]},{"@type":"WebSite","@id":"https:\/\/www.butenas-hotel.lt\/de\/#website","url":"https:\/\/www.butenas-hotel.lt\/de\/","name":"BUT\u0116NAS HOTEL","description":"Vie\u0161butis - Restoranas - Baras Bir\u017euose","publisher":{"@id":"https:\/\/www.butenas-hotel.lt\/de\/#organization"},"potentialAction":[{"@type":"SearchAction","target":{"@type":"EntryPoint","urlTemplate":"https:\/\/www.butenas-hotel.lt\/de\/?s={search_term_string}"},"query-input":{"@type":"PropertyValueSpecification","valueRequired":true,"valueName":"search_term_string"}}],"inLanguage":"de"},{"@type":"Organization","@id":"https:\/\/www.butenas-hotel.lt\/de\/#organization","name":"BUT\u0116NAS HOTEL vie\u0161butis-restoranas-baras","url":"https:\/\/www.butenas-hotel.lt\/de\/","logo":{"@type":"ImageObject","inLanguage":"de","@id":"https:\/\/www.butenas-hotel.lt\/de\/#\/schema\/logo\/image\/","url":"https:\/\/www.butenas-hotel.lt\/wp-content\/uploads\/BUTENAS-hotel-logo-black-en.svg","contentUrl":"https:\/\/www.butenas-hotel.lt\/wp-content\/uploads\/BUTENAS-hotel-logo-black-en.svg","width":"800","height":"800","caption":"BUT\u0116NAS HOTEL vie\u0161butis-restoranas-baras"},"image":{"@id":"https:\/\/www.butenas-hotel.lt\/de\/#\/schema\/logo\/image\/"}}]}},"_links":{"self":[{"href":"https:\/\/www.butenas-hotel.lt\/de\/wp-json\/wp\/v2\/pages\/640","targetHints":{"allow":["GET"]}}],"collection":[{"href":"https:\/\/www.butenas-hotel.lt\/de\/wp-json\/wp\/v2\/pages"}],"about":[{"href":"https:\/\/www.butenas-hotel.lt\/de\/wp-json\/wp\/v2\/types\/page"}],"author":[{"embeddable":true,"href":"https:\/\/www.butenas-hotel.lt\/de\/wp-json\/wp\/v2\/users\/1"}],"replies":[{"embeddable":true,"href":"https:\/\/www.butenas-hotel.lt\/de\/wp-json\/wp\/v2\/comments?post=640"}],"version-history":[{"count":5,"href":"https:\/\/www.butenas-hotel.lt\/de\/wp-json\/wp\/v2\/pages\/640\/revisions"}],"predecessor-version":[{"id":792,"href":"https:\/\/www.butenas-hotel.lt\/de\/wp-json\/wp\/v2\/pages\/640\/revisions\/792"}],"wp:attachment":[{"href":"https:\/\/www.butenas-hotel.lt\/de\/wp-json\/wp\/v2\/media?parent=640"}],"curies":[{"name":"wp","href":"https:\/\/api.w.org\/{rel}","templated":true}]}}